{"id":8498,"date":"2024-05-14T12:27:28","date_gmt":"2024-05-14T17:27:28","guid":{"rendered":"https:\/\/deblex.com\/?page_id=8498"},"modified":"2025-10-09T10:06:32","modified_gmt":"2025-10-09T15:06:32","slug":"registro","status":"publish","type":"page","link":"https:\/\/deblex.com\/en\/registro\/","title":{"rendered":"Registrate"},"content":{"rendered":"<div data-elementor-type=\"wp-page\" data-elementor-id=\"8498\" class=\"elementor elementor-8498\" data-elementor-post-type=\"page\">\n\t\t\t\t\t\t<section class=\"elementor-section elementor-top-section elementor-element elementor-element-72e1b4f elementor-section-boxed elementor-section-height-default elementor-section-height-default wpr-particle-no wpr-jarallax-no wpr-parallax-no wpr-sticky-section-no\" data-id=\"72e1b4f\" data-element_type=\"section\" data-e-type=\"section\">\n\t\t\t\t\t\t<div class=\"elementor-container elementor-column-gap-default\">\n\t\t\t\t\t<div class=\"elementor-column elementor-col-100 elementor-top-column elementor-element elementor-element-3faf0d3\" data-id=\"3faf0d3\" data-element_type=\"column\" data-e-type=\"column\">\n\t\t\t<div class=\"elementor-widget-wrap elementor-element-populated\">\n\t\t\t\t\t\t<section class=\"elementor-section elementor-inner-section elementor-element elementor-element-40321ea elementor-section-boxed elementor-section-height-default elementor-section-height-default wpr-particle-no wpr-jarallax-no wpr-parallax-no wpr-sticky-section-no\" data-id=\"40321ea\" data-element_type=\"section\" data-e-type=\"section\">\n\t\t\t\t\t\t<div class=\"elementor-container elementor-column-gap-default\">\n\t\t\t\t\t<div class=\"elementor-column elementor-col-50 elementor-inner-column elementor-element elementor-element-c147fd9\" data-id=\"c147fd9\" data-element_type=\"column\" data-e-type=\"column\">\n\t\t\t<div class=\"elementor-widget-wrap elementor-element-populated\">\n\t\t\t\t\t\t<div class=\"elementor-element elementor-element-1d77629 elementor-widget elementor-widget-image\" data-id=\"1d77629\" data-element_type=\"widget\" data-e-type=\"widget\" data-widget_type=\"image.default\">\n\t\t\t\t<div class=\"elementor-widget-container\">\n\t\t\t\t\t\t\t\t\t\t\t\t\t\t\t<img fetchpriority=\"high\" decoding=\"async\" width=\"466\" height=\"370\" src=\"https:\/\/deblex.com\/wp-content\/uploads\/2024\/05\/Recurso-3.png\" class=\"attachment-large size-large wp-image-8499\" alt=\"\" srcset=\"https:\/\/deblex.com\/wp-content\/uploads\/2024\/05\/Recurso-3.png 466w, https:\/\/deblex.com\/wp-content\/uploads\/2024\/05\/Recurso-3-300x238.png 300w, https:\/\/deblex.com\/wp-content\/uploads\/2024\/05\/Recurso-3-15x12.png 15w\" sizes=\"(max-width: 466px) 100vw, 466px\" \/>\t\t\t\t\t\t\t\t\t\t\t\t\t\t\t<\/div>\n\t\t\t\t<\/div>\n\t\t\t\t\t<\/div>\n\t\t<\/div>\n\t\t\t\t<div class=\"elementor-column elementor-col-50 elementor-inner-column elementor-element elementor-element-c08b29a\" data-id=\"c08b29a\" data-element_type=\"column\" data-e-type=\"column\">\n\t\t\t<div class=\"elementor-widget-wrap elementor-element-populated\">\n\t\t\t\t\t\t<div class=\"elementor-element elementor-element-36aeb6a elementor-widget elementor-widget-heading\" data-id=\"36aeb6a\" data-element_type=\"widget\" data-e-type=\"widget\" data-widget_type=\"heading.default\">\n\t\t\t\t<div class=\"elementor-widget-container\">\n\t\t\t\t\t<h2 class=\"elementor-heading-title elementor-size-default\">Sign up Free<\/h2>\t\t\t\t<\/div>\n\t\t\t\t<\/div>\n\t\t\t\t<div class=\"elementor-element elementor-element-b010315 elementor-align-start elementor-widget-mobile__width-initial elementor-icon-list--layout-traditional elementor-list-item-link-full_width elementor-widget elementor-widget-icon-list\" data-id=\"b010315\" data-element_type=\"widget\" data-e-type=\"widget\" data-widget_type=\"icon-list.default\">\n\t\t\t\t<div class=\"elementor-widget-container\">\n\t\t\t\t\t\t\t<ul class=\"elementor-icon-list-items\">\n\t\t\t\t\t\t\t<li class=\"elementor-icon-list-item\">\n\t\t\t\t\t\t\t\t\t\t\t<span class=\"elementor-icon-list-icon\">\n\t\t\t\t\t\t\t<i aria-hidden=\"true\" class=\"fas fa-check-circle\"><\/i>\t\t\t\t\t\t<\/span>\n\t\t\t\t\t\t\t\t\t\t<span class=\"elementor-icon-list-text\">Con nuestro servicio de Casillero virtual podr\u00e1s acceder a una direcci\u00f3n f\u00edsica en Miami.<\/span>\n\t\t\t\t\t\t\t\t\t<\/li>\n\t\t\t\t\t\t\t\t<li class=\"elementor-icon-list-item\">\n\t\t\t\t\t\t\t\t\t\t\t<span class=\"elementor-icon-list-icon\">\n\t\t\t\t\t\t\t<i aria-hidden=\"true\" class=\"fas fa-check-circle\"><\/i>\t\t\t\t\t\t<\/span>\n\t\t\t\t\t\t\t\t\t\t<span class=\"elementor-icon-list-text\">Recibir\u00e1s asesor\u00eda y acompa\u00f1amiento para hacer env\u00edos desde y hacia Colombia, Ecuador y Estados Unidos.<\/span>\n\t\t\t\t\t\t\t\t\t<\/li>\n\t\t\t\t\t\t\t\t<li class=\"elementor-icon-list-item\">\n\t\t\t\t\t\t\t\t\t\t\t<span class=\"elementor-icon-list-icon\">\n\t\t\t\t\t\t\t<i aria-hidden=\"true\" class=\"fas fa-check-circle\"><\/i>\t\t\t\t\t\t<\/span>\n\t\t\t\t\t\t\t\t\t\t<span class=\"elementor-icon-list-text\">Nos encargamos de recibir, transportar y llevar tu env\u00edo hasta la direcci\u00f3n que nos indiques en nuestros pa\u00edses de cobertura.<\/span>\n\t\t\t\t\t\t\t\t\t<\/li>\n\t\t\t\t\t\t<\/ul>\n\t\t\t\t\t\t<\/div>\n\t\t\t\t<\/div>\n\t\t\t\t\t<\/div>\n\t\t<\/div>\n\t\t\t\t\t<\/div>\n\t\t<\/section>\n\t\t\t\t\t<\/div>\n\t\t<\/div>\n\t\t\t\t\t<\/div>\n\t\t<\/section>\n\t\t\t\t<section class=\"elementor-section elementor-top-section elementor-element elementor-element-91a431d elementor-section-boxed elementor-section-height-default elementor-section-height-default wpr-particle-no wpr-jarallax-no wpr-parallax-no wpr-sticky-section-no\" data-id=\"91a431d\" data-element_type=\"section\" data-e-type=\"section\">\n\t\t\t\t\t\t<div class=\"elementor-container elementor-column-gap-default\">\n\t\t\t\t\t<div class=\"elementor-column elementor-col-50 elementor-top-column elementor-element elementor-element-91075cb\" data-id=\"91075cb\" data-element_type=\"column\" data-e-type=\"column\">\n\t\t\t<div class=\"elementor-widget-wrap elementor-element-populated\">\n\t\t\t\t\t\t<div class=\"elementor-element elementor-element-c6633b1 elementor-position-top elementor-widget elementor-widget-image-box\" data-id=\"c6633b1\" data-element_type=\"widget\" data-e-type=\"widget\" data-widget_type=\"image-box.default\">\n\t\t\t\t<div class=\"elementor-widget-container\">\n\t\t\t\t\t<div class=\"elementor-image-box-wrapper\"><figure class=\"elementor-image-box-img\"><a href=\"https:\/\/deblex.com.co\/registro\/\" target=\"_blank\" tabindex=\"-1\"><img decoding=\"async\" width=\"601\" height=\"601\" src=\"https:\/\/deblex.com\/wp-content\/uploads\/2024\/05\/ICONOS2-21.png\" class=\"attachment-full size-full wp-image-8405\" alt=\"\" srcset=\"https:\/\/deblex.com\/wp-content\/uploads\/2024\/05\/ICONOS2-21.png 601w, https:\/\/deblex.com\/wp-content\/uploads\/2024\/05\/ICONOS2-21-300x300.png 300w, https:\/\/deblex.com\/wp-content\/uploads\/2024\/05\/ICONOS2-21-150x150.png 150w, https:\/\/deblex.com\/wp-content\/uploads\/2024\/05\/ICONOS2-21-12x12.png 12w\" sizes=\"(max-width: 601px) 100vw, 601px\" \/><\/a><\/figure><div class=\"elementor-image-box-content\"><h3 class=\"elementor-image-box-title\"><a href=\"https:\/\/deblex.com.co\/registro\/\" target=\"_blank\">Reg\u00edstrate en Deblex Colombia<\/a><\/h3><p class=\"elementor-image-box-description\">Recibe en Colombia<\/p><\/div><\/div>\t\t\t\t<\/div>\n\t\t\t\t<\/div>\n\t\t\t\t\t<\/div>\n\t\t<\/div>\n\t\t\t\t<div class=\"elementor-column elementor-col-50 elementor-top-column elementor-element elementor-element-e1ce933\" data-id=\"e1ce933\" data-element_type=\"column\" data-e-type=\"column\">\n\t\t\t<div class=\"elementor-widget-wrap elementor-element-populated\">\n\t\t\t\t\t\t<div class=\"elementor-element elementor-element-2a6aa7b elementor-position-top elementor-widget elementor-widget-image-box\" data-id=\"2a6aa7b\" data-element_type=\"widget\" data-e-type=\"widget\" data-widget_type=\"image-box.default\">\n\t\t\t\t<div class=\"elementor-widget-container\">\n\t\t\t\t\t<div class=\"elementor-image-box-wrapper\"><figure class=\"elementor-image-box-img\"><a href=\"https:\/\/www.deblex.com.ec\/registro\/\" target=\"_blank\" tabindex=\"-1\"><img decoding=\"async\" width=\"601\" height=\"601\" src=\"https:\/\/deblex.com\/wp-content\/uploads\/2024\/05\/ICONOS2-22.png\" class=\"attachment-full size-full wp-image-8406\" alt=\"\" srcset=\"https:\/\/deblex.com\/wp-content\/uploads\/2024\/05\/ICONOS2-22.png 601w, https:\/\/deblex.com\/wp-content\/uploads\/2024\/05\/ICONOS2-22-300x300.png 300w, https:\/\/deblex.com\/wp-content\/uploads\/2024\/05\/ICONOS2-22-150x150.png 150w, https:\/\/deblex.com\/wp-content\/uploads\/2024\/05\/ICONOS2-22-12x12.png 12w\" sizes=\"(max-width: 601px) 100vw, 601px\" \/><\/a><\/figure><div class=\"elementor-image-box-content\"><h3 class=\"elementor-image-box-title\"><a href=\"https:\/\/www.deblex.com.ec\/registro\/\" target=\"_blank\">Reg\u00edstrate en Deblex Ecuador<\/a><\/h3><p class=\"elementor-image-box-description\">Recibe en Ecuador<\/p><\/div><\/div>\t\t\t\t<\/div>\n\t\t\t\t<\/div>\n\t\t\t\t\t<\/div>\n\t\t<\/div>\n\t\t\t\t\t<\/div>\n\t\t<\/section>\n\t\t\t\t<\/div>","protected":false},"excerpt":{"rendered":"<p>Reg\u00edstrate Gratis Con nuestro servicio de Casillero virtual podr\u00e1s acceder a una direcci\u00f3n f\u00edsica en Miami. Recibir\u00e1s asesor\u00eda y acompa\u00f1amiento para hacer env\u00edos desde y hacia Colombia, Ecuador y Estados Unidos. Nos encargamos de recibir, transportar y llevar tu env\u00edo hasta la direcci\u00f3n que nos indiques en nuestros pa\u00edses de cobertura. Reg\u00edstrate en Deblex Colombia Recibe en Colombia Reg\u00edstrate en Deblex Ecuador Recibe en Ecuador<\/p>","protected":false},"author":1,"featured_media":0,"parent":0,"menu_order":0,"comment_status":"closed","ping_status":"closed","template":"elementor_header_footer","meta":{"neve_meta_sidebar":"","neve_meta_container":"","neve_meta_enable_content_width":"off","neve_meta_content_width":100,"neve_meta_title_alignment":"","neve_meta_author_avatar":"","neve_post_elements_order":"","neve_meta_disable_header":"","neve_meta_disable_footer":"","neve_meta_disable_title":"","footnotes":""},"class_list":["post-8498","page","type-page","status-publish","hentry"],"aioseo_notices":[],"_links":{"self":[{"href":"https:\/\/deblex.com\/en\/wp-json\/wp\/v2\/pages\/8498","targetHints":{"allow":["GET"]}}],"collection":[{"href":"https:\/\/deblex.com\/en\/wp-json\/wp\/v2\/pages"}],"about":[{"href":"https:\/\/deblex.com\/en\/wp-json\/wp\/v2\/types\/page"}],"author":[{"embeddable":true,"href":"https:\/\/deblex.com\/en\/wp-json\/wp\/v2\/users\/1"}],"replies":[{"embeddable":true,"href":"https:\/\/deblex.com\/en\/wp-json\/wp\/v2\/comments?post=8498"}],"version-history":[{"count":33,"href":"https:\/\/deblex.com\/en\/wp-json\/wp\/v2\/pages\/8498\/revisions"}],"predecessor-version":[{"id":11865,"href":"https:\/\/deblex.com\/en\/wp-json\/wp\/v2\/pages\/8498\/revisions\/11865"}],"wp:attachment":[{"href":"https:\/\/deblex.com\/en\/wp-json\/wp\/v2\/media?parent=8498"}],"curies":[{"name":"wp","href":"https:\/\/api.w.org\/{rel}","templated":true}]}}